{"id":252,"date":"2022-01-08T11:48:13","date_gmt":"2022-01-08T11:48:13","guid":{"rendered":"https:\/\/www.confirm.at\/wordpress\/?page_id=252"},"modified":"2022-09-29T07:07:23","modified_gmt":"2022-09-29T07:07:23","slug":"impressum","status":"publish","type":"page","link":"https:\/\/www.confirm.at\/wordpress\/index.php\/impressum\/","title":{"rendered":"Impressum"},"content":{"rendered":"<div data-colibri-id=\"252-c1\" class=\"style-344 style-local-252-c1 position-relative\">\n  <!---->\n  <div data-colibri-component=\"section\" data-colibri-id=\"252-c2\" id=\"about\" class=\"h-section h-section-global-spacing d-flex align-items-lg-center align-items-md-center align-items-center style-345 style-local-252-c2 position-relative\">\n    <!---->\n    <!---->\n    <div class=\"h-section-grid-container h-section-boxed-container\">\n      <!---->\n      <div data-colibri-id=\"252-c3\" class=\"h-row-container gutters-row-lg-0 gutters-row-md-0 gutters-row-0 gutters-row-v-lg-0 gutters-row-v-md-0 gutters-row-v-0 style-346 style-local-252-c3 position-relative\">\n        <!---->\n        <div class=\"h-row justify-content-lg-center justify-content-md-center justify-content-center align-items-lg-stretch align-items-md-stretch align-items-stretch gutters-col-lg-0 gutters-col-md-0 gutters-col-0 gutters-col-v-lg-0 gutters-col-v-md-0 gutters-col-v-0\">\n          <!---->\n          <div class=\"h-column h-column-container d-flex h-col-lg-auto h-col-md-auto h-col-auto style-347-outer style-local-252-c4-outer\">\n            <div data-colibri-id=\"252-c4\" class=\"d-flex h-flex-basis h-column__inner h-ui-empty-state-container h-px-lg-0 h-px-md-0 h-px-0 v-inner-lg-0 v-inner-md-0 v-inner-0 style-347 style-local-252-c4 position-relative\">\n              <!---->\n              <!---->\n              <div class=\"w-100 h-y-container h-column__content h-column__v-align flex-basis-100\">\n                <!---->\n              <\/div>\n            <\/div>\n          <\/div>\n          <div class=\"h-column h-column-container d-flex h-col-lg-auto h-col-md-auto h-col-auto style-348-outer style-local-252-c5-outer\">\n            <div data-colibri-id=\"252-c5\" class=\"d-flex h-flex-basis h-column__inner h-px-lg-2 h-px-md-2 h-px-2 v-inner-lg-2 v-inner-md-2 v-inner-2 style-348 style-local-252-c5 position-relative\">\n              <!---->\n              <!---->\n              <div class=\"w-100 h-y-container h-column__content h-column__v-align flex-basis-100 align-self-lg-start align-self-md-start align-self-start\">\n                <!---->\n                <div data-colibri-id=\"252-c6\" class=\"h-global-transition-all h-heading style-350 style-local-252-c6 position-relative h-element\">\n                  <!---->\n                  <div class=\"h-heading__outer style-350 style-local-252-c6\">\n                    <!---->\n                    <!---->\n                    <h2 class=\"\">Impressum<\/h2>\n                  <\/div>\n                <\/div>\n                <div data-colibri-id=\"252-c7\" class=\"h-text h-text-component style-351 style-local-252-c7 position-relative h-element\">\n                  <!---->\n                  <!---->\n                  <div class=\"\">\n                    <p><strong>Informationen und Offenlegung gem\u00e4\u00df \u00a75 (1) ECG, \u00a7 25 MedienG, \u00a7 63 GewO und \u00a7 14 UGB<\/strong><\/p>\n                    <p><strong>Webseitenbetreiber:<\/strong>&nbsp;Confirm business consulting GmbH<\/p>\n                    <p><strong>Firmenbuchnummer:<\/strong>&nbsp;FN 230730i<\/p>\n                    <p><strong>Firmenbuchgericht:&nbsp;<\/strong>Handelsgericht Wiener Neustadt<\/p>\n                    <p><strong>Anschrift:<\/strong>&nbsp;Vogelsanggasse 13, 2540 Bad V\u00f6slau<\/p>\n                    <p><strong>UID-Nr:<\/strong>&nbsp;ATU56800778<\/p>\n                    <p><strong>Gewerbeaufsichtbeh\u00f6rde:<\/strong>&nbsp;Bezirkshauptmannschaft Baden<\/p>\n                    <p><strong>Mitgliedschaften:&nbsp;<\/strong>Mitglied der WK\u00d6, WKN\u00d6<\/p>\n                    <p><strong>Kontaktdaten:<\/strong><\/p>\n                    <p>Email: office@confirm.at<\/p>\n                    <p><strong>Anwendbare Rechtsvorschrift:<\/strong>&nbsp;www.ris.bka.gv.at<\/p>\n                    <p><strong>Berufsbezeichnung:<\/strong>&nbsp;Bilanzbuchhaltung und IT Dienstleistung<\/p>\n                    <p><strong>Online Streitbeilegung:<\/strong>&nbsp;Verbraucher, welche in \u00d6sterreich oder in einem sonstigen Vertragsstaat der ODR-VO niedergelassen sind, haben die M\u00f6glichkeit Probleme bez\u00fcglich dem entgeltlichen Kauf von Waren oder Dienstleistungen\n                      im Rahmen einer Online-Streitbeilegung (nach OS, AStG) zu l\u00f6sen. Die Europa\u0308ische Kommission stellt eine Plattform hierf\u00fcr bereit: https:\/\/ec.europa.eu\/consumers\/odr<\/p>\n                    <p>\n                      <br>\n                    <\/p>\n                    <p><strong>Urheberrecht:<\/strong>&nbsp;Die Inhalte dieser Webseite unterliegen, soweit dies rechtlich m\u00f6glich ist, diversen Schutzrechten (z.B dem Urheberrecht). Jegliche Verwendung\/Verbreitung von bereitgestelltem Material, welche urheberrechtlich\n                      untersagt ist, bedarf schriftlicher Zustimmung des Webseitenbetreibers.<\/p>\n                    <p><strong>Haftungsausschluss:<\/strong>&nbsp;Trotz sorgf\u00e4ltiger inhaltlicher Kontrolle \u00fcbernimmt der Webseitenbetreiber dieser Webseite keine Haftung f\u00fcr die Inhalte externer Links. F\u00fcr den Inhalt der verlinkten Seiten sind ausschlie\u00dflich\n                      deren Betreiber verantwortlich. Sollten Sie dennoch auf ausgehende Links aufmerksam werden, welche auf eine Webseite mit rechtswidriger T\u00e4tigkeit\/Information verweisen, ersuchen wir um dementsprechenden Hinweis, um diese nach \u00a7 17\n                      Abs. 2 ECG umgehend zu entfernen.Die Urheberrechte Dritter werden vom Betreiber dieser Webseite mit gr\u00f6\u00dfter Sorgfalt beachtet. Sollten Sie trotzdem auf eine Urheberrechtsverletzung aufmerksam werden, bitten wir um einen entsprechenden\n                      Hinweis. Bei Bekanntwerden derartiger Rechtsverletzungen werden wir den betroffenen Inhalt umgehend entfernen.<\/p>\n                    <p>Quelle:&nbsp;\n                      <a href=\"https:\/\/fairesrecht.at\/spezialisierung\/erbrecht\/3\/1\" class=\"customize-unpreviewable\"><strong>fairesRecht<\/strong><\/a>\n                    <\/p>\n                  <\/div>\n                <\/div>\n              <\/div>\n            <\/div>\n          <\/div>\n        <\/div>\n      <\/div>\n    <\/div>\n  <\/div>\n<\/div>","protected":false},"excerpt":{"rendered":"<p>Impressum Informationen und Offenlegung gem\u00e4\u00df \u00a75 (1) ECG, \u00a7 25 MedienG, \u00a7 63 GewO und \u00a7 14 UGB Webseitenbetreiber:&nbsp;Confirm business consulting GmbH Firmenbuchnummer:&nbsp;FN 230730i Firmenbuchgericht:&nbsp;Handelsgericht Wiener Neustadt Anschrift:&nbsp;Vogelsanggasse 13, 2540 Bad V\u00f6slau UID-Nr:&nbsp;ATU56800778 Gewerbeaufsichtbeh\u00f6rde:&nbsp;Bezirkshauptmannschaft Baden Mitgliedschaften:&nbsp;Mitglied der WK\u00d6, WKN\u00d6 Kontaktdaten: Email: office@confirm.at Anwendbare Rechtsvorschrift:&nbsp;www.ris.bka.gv.at Berufsbezeichnung:&nbsp;Bilanzbuchhaltung und IT Dienstleistung Online Streitbeilegung:&nbsp;Verbraucher, welche in \u00d6sterreich oder in [&hellip;]<\/p>\n","protected":false},"author":1,"featured_media":0,"parent":0,"menu_order":0,"comment_status":"closed","ping_status":"closed","template":"page-templates\/full-width-page.php","meta":{"footnotes":""},"class_list":["post-252","page","type-page","status-publish","hentry"],"_links":{"self":[{"href":"https:\/\/www.confirm.at\/wordpress\/index.php\/wp-json\/wp\/v2\/pages\/252","targetHints":{"allow":["GET"]}}],"collection":[{"href":"https:\/\/www.confirm.at\/wordpress\/index.php\/wp-json\/wp\/v2\/pages"}],"about":[{"href":"https:\/\/www.confirm.at\/wordpress\/index.php\/wp-json\/wp\/v2\/types\/page"}],"author":[{"embeddable":true,"href":"https:\/\/www.confirm.at\/wordpress\/index.php\/wp-json\/wp\/v2\/users\/1"}],"replies":[{"embeddable":true,"href":"https:\/\/www.confirm.at\/wordpress\/index.php\/wp-json\/wp\/v2\/comments?post=252"}],"version-history":[{"count":6,"href":"https:\/\/www.confirm.at\/wordpress\/index.php\/wp-json\/wp\/v2\/pages\/252\/revisions"}],"predecessor-version":[{"id":360,"href":"https:\/\/www.confirm.at\/wordpress\/index.php\/wp-json\/wp\/v2\/pages\/252\/revisions\/360"}],"wp:attachment":[{"href":"https:\/\/www.confirm.at\/wordpress\/index.php\/wp-json\/wp\/v2\/media?parent=252"}],"curies":[{"name":"wp","href":"https:\/\/api.w.org\/{rel}","templated":true}]}}